{"id":1748,"date":"2019-03-23T15:41:54","date_gmt":"2019-03-23T14:41:54","guid":{"rendered":"https:\/\/businessconsultinggeneva.com\/a-propos-de\/"},"modified":"2019-03-23T15:41:56","modified_gmt":"2019-03-23T14:41:56","slug":"a-propos-de","status":"publish","type":"page","link":"https:\/\/businessconsultinggeneva.com\/fr\/a-propos-de\/","title":{"rendered":"A propos de"},"content":{"rendered":"<p>[et_pb_section fb_built=\u00a0\u00bb1&Prime; _builder_version=\u00a0\u00bb3.19.15&Prime;][et_pb_row _builder_version=\u00a0\u00bb3.19.15&Prime;][et_pb_column type=\u00a0\u00bb4_4&Prime; _builder_version=\u00a0\u00bb3.19.15&Prime;][et_pb_image src=\u00a0\u00bbhttps:\/\/businessconsultinggeneva.com\/wp-content\/uploads\/2018\/08\/business-consulting-geneva.jpg\u00a0\u00bb _builder_version=\u00a0\u00bb3.21.1&Prime;][\/et_pb_image][et_pb_text _builder_version=\u00a0\u00bb3.21.1&Prime; text_font=\u00a0\u00bb||||||||\u00a0\u00bb text_font_size=\u00a0\u00bb18px\u00a0\u00bb]<\/p>\n<h1>A propos de Business Consulting Geneva<\/h1>\n<p>Business Consulting Geneva (BCG) apporte pr\u00e8s de quarante ans d&rsquo;exp\u00e9rience de l&rsquo;une des plus grandes soci\u00e9t\u00e9s priv\u00e9es au monde, Cargill International SA. Cargill est le leader mondial du n\u00e9goce de mati\u00e8res premi\u00e8res. Gr\u00e2ce \u00e0 cette exp\u00e9rience, le BCG a eu plusieurs mandats importants en Europe. Un mandat, parmi d&rsquo;autres, comprenait des \u00e9tudes sur la meilleure mouture de la farine de bl\u00e9 sur un march\u00e9 national.<\/p>\n<p>Les probl\u00e8mes rencontr\u00e9s par les petites et moyennes entreprises lors de n\u00e9gociations commerciales au niveau international peuvent \u00eatre tr\u00e8s difficiles. Comment r\u00e9gler correctement ces probl\u00e8mes peut devenir insurmontable pour une petite entreprise. Le BCG aide les entreprises \u00e0 trouver une solution aux n\u00e9gociations afin qu\u2019elles aboutissent \u00e0 un sc\u00e9nario gagnant-gagnant. Les subventions actuelles de l&rsquo;UE peuvent \u00eatre pr\u00e9judiciables \u00e0 une entreprise qui tente de concurrencer, m\u00eame au niveau national. Notre exp\u00e9rience aidera les entreprises \u00e0 \u00e9viter les pi\u00e8ges et \u00e0 prendre de meilleures d\u00e9cisions strat\u00e9giques.<\/p>\n<p>&nbsp;<\/p>\n<p>[\/et_pb_text][\/et_pb_column][\/et_pb_row][\/et_pb_section]<\/p>\n","protected":false},"excerpt":{"rendered":"<p>A propos de Business Consulting Geneva Business Consulting Geneva (BCG) apporte pr\u00e8s de quarante ans d&rsquo;exp\u00e9rience de l&rsquo;une des plus grandes soci\u00e9t\u00e9s priv\u00e9es au monde, Cargill International SA. Cargill est le leader mondial du n\u00e9goce de mati\u00e8res premi\u00e8res. Gr\u00e2ce \u00e0 cette exp\u00e9rience, le BCG a eu plusieurs mandats importants en Europe. Un mandat, parmi d&rsquo;autres, [&hellip;]<\/p>\n","protected":false},"author":1,"featured_media":0,"parent":0,"menu_order":0,"comment_status":"closed","ping_status":"closed","template":"","meta":{"_et_pb_use_builder":"on","_et_pb_old_content":"","_et_gb_content_width":"","footnotes":""},"class_list":["post-1748","page","type-page","status-publish","hentry"],"aioseo_notices":[],"_links":{"self":[{"href":"https:\/\/businessconsultinggeneva.com\/fr\/wp-json\/wp\/v2\/pages\/1748","targetHints":{"allow":["GET"]}}],"collection":[{"href":"https:\/\/businessconsultinggeneva.com\/fr\/wp-json\/wp\/v2\/pages"}],"about":[{"href":"https:\/\/businessconsultinggeneva.com\/fr\/wp-json\/wp\/v2\/types\/page"}],"author":[{"embeddable":true,"href":"https:\/\/businessconsultinggeneva.com\/fr\/wp-json\/wp\/v2\/users\/1"}],"replies":[{"embeddable":true,"href":"https:\/\/businessconsultinggeneva.com\/fr\/wp-json\/wp\/v2\/comments?post=1748"}],"version-history":[{"count":0,"href":"https:\/\/businessconsultinggeneva.com\/fr\/wp-json\/wp\/v2\/pages\/1748\/revisions"}],"wp:attachment":[{"href":"https:\/\/businessconsultinggeneva.com\/fr\/wp-json\/wp\/v2\/media?parent=1748"}],"curies":[{"name":"wp","href":"https:\/\/api.w.org\/{rel}","templated":true}]}}